{"id":143,"date":"2026-01-18T20:56:22","date_gmt":"2026-01-18T20:56:22","guid":{"rendered":"https:\/\/ledfu.no\/product\/g4-led-paere-12-24-v\/"},"modified":"2026-02-01T13:29:44","modified_gmt":"2026-02-01T13:29:44","slug":"g4-led-paere-12-24-v","status":"publish","type":"product","link":"https:\/\/ledfu.no\/no\/produkt\/g4-led-paere-12-24-v\/","title":{"rendered":"G4 LED-p\u00e6re 12\u201324 V"},"content":{"rendered":"<p>&nbsp;<\/p>\n<p><img loading=\"lazy\" decoding=\"async\" class=\" wp-image-23 alignleft\" src=\"https:\/\/ledfu.no\/wp-content\/uploads\/2026\/01\/cropped-g4-2wd-300x300-1-300x300.jpg\" alt=\"\" width=\"378\" height=\"378\" srcset=\"https:\/\/ledfu.no\/wp-content\/uploads\/2026\/01\/cropped-g4-2wd-300x300-1-300x300.jpg 300w, https:\/\/ledfu.no\/wp-content\/uploads\/2026\/01\/cropped-g4-2wd-300x300-1-150x150.jpg 150w, https:\/\/ledfu.no\/wp-content\/uploads\/2026\/01\/cropped-g4-2wd-300x300-1-100x100.jpg 100w, https:\/\/ledfu.no\/wp-content\/uploads\/2026\/01\/cropped-g4-2wd-300x300-1-270x270.jpg 270w, https:\/\/ledfu.no\/wp-content\/uploads\/2026\/01\/cropped-g4-2wd-300x300-1-192x192.jpg 192w, https:\/\/ledfu.no\/wp-content\/uploads\/2026\/01\/cropped-g4-2wd-300x300-1-180x180.jpg 180w, https:\/\/ledfu.no\/wp-content\/uploads\/2026\/01\/cropped-g4-2wd-300x300-1-32x32.jpg 32w, https:\/\/ledfu.no\/wp-content\/uploads\/2026\/01\/cropped-g4-2wd-300x300-1.jpg 512w\" sizes=\"auto, (max-width: 378px) 100vw, 378px\" \/>G4 LED-lysp\u00e6rer med dimbar AC\/DC 12 V\u201324 V funksjonalitet gir <span class=\"index_module_idAiSummary__content__p__bold__174b454c\">energibesparelser p\u00e5 opptil 85 %<\/span> sammenlignet med tradisjonelle halogenlamper. Med en h\u00f8y CRI (&gt;90), <span class=\"index_module_idAiSummary__content__p__bold__174b454c\">360-graders spredningsvinkel<\/span> og en levetid p\u00e5 30 000 timer, sikrer disse silikonp\u00e6rene 99 % lysgjennomgang, flimmerfri bruk og motstand mot fuktighet og st\u00f8t. Tilgjengelig i fargetemperaturer varmhvit, n\u00f8ytral hvit og kaldhvit for allsidige bruksomr\u00e5der.  <\/p>\n<div class=\"id-grid id-max-h-[68px] id-overflow-hidden id-grid-cols-[2fr_3fr] id-border-b-[0.5px] id-border-[#ddd]\">\n<div class=\"id-text-sm id-p-4 id-bg-[#f8f8f8] id-flex id-items-center\" title=\"Fargetemperatur (CCT)\" data-spm-anchor-id=\"a2700.details.0.i111.64e971f63Hcoeh\">\n<div class=\"id-line-clamp-2 id-leading-[18px]\">Fargetemperatur (CCT)<\/div>\n<\/div>\n<div class=\"id-text-sm id-font-medium id-p-4 id-flex id-items-center id-flex-wrap\" title=\"3000K\/4000K\/6000K\">\n<div class=\"id-line-clamp-2 id-leading-[18px]\">3000K\/4000K\/6000K<\/div>\n<\/div>\n<\/div>\n<div class=\"id-grid id-max-h-[68px] id-overflow-hidden id-grid-cols-[2fr_3fr] id-border-b-[0.5px] id-border-[#ddd]\">\n<div class=\"id-text-sm id-p-4 id-bg-[#f8f8f8] id-flex id-items-center\" title=\"Inngangsspenning (V)\">\n<div class=\"id-line-clamp-2 id-leading-[18px]\" data-spm-anchor-id=\"a2700.details.0.i109.64e971f63Hcoeh\">Inngangsspenning (V) AC\/DC 12 V\u201324 V<\/div>\n<\/div>\n<\/div>\n<div class=\"id-grid id-max-h-[68px] id-overflow-hidden id-grid-cols-[2fr_3fr] id-border-b-[0.5px] id-border-[#ddd]\">\n<div class=\"id-text-sm id-p-4 id-bg-[#f8f8f8] id-flex id-items-center\" title=\"Opprinnelsessted\">Materiale Silikon<\/div>\n<\/div>\n<div class=\"id-grid id-max-h-[68px] id-overflow-hidden id-grid-cols-[2fr_3fr] id-border-b-[0.5px] id-border-[#ddd]\">\n<div class=\"id-text-sm id-p-4 id-bg-[#f8f8f8] id-flex id-items-center\" title=\"Sokkeltype\">\n<div class=\"id-line-clamp-2 id-leading-[18px]\">Sokkeltype G4<\/div>\n<\/div>\n<\/div>\n<div class=\"id-grid id-max-h-[68px] id-overflow-hidden id-grid-cols-[2fr_3fr] id-border-b-[0.5px] id-border-[#ddd]\">\n<div class=\"id-text-sm id-p-4 id-bg-[#f8f8f8] id-flex id-items-center\" title=\"Sertifisering\">\n<div class=\"id-line-clamp-2 id-leading-[18px]\">Sertifisering Emc, RoHS, CE, LVD<\/div>\n<\/div>\n<\/div>\n<div class=\"id-grid id-max-h-[68px] id-overflow-hidden id-grid-cols-[2fr_3fr] id-border-b-[0.5px] id-border-[#ddd]\">\n<div class=\"id-text-sm id-p-4 id-bg-[#f8f8f8] id-flex id-items-center\" title=\"Fargegjengivelsesindeks (Ra)\">\n<div class=\"id-line-clamp-2 id-leading-[18px]\" data-spm-anchor-id=\"a2700.details.0.i110.64e971f63Hcoeh\">Fargegjengivelsesindeks (Ra) 90<\/div>\n<div class=\"id-line-clamp-2 id-leading-[18px]\" data-spm-anchor-id=\"a2700.details.0.i110.64e971f63Hcoeh\">Lysutbytte (lm\/w) 115<\/div>\n<div class=\"id-line-clamp-2 id-leading-[18px]\" data-spm-anchor-id=\"a2700.details.0.i110.64e971f63Hcoeh\">Lysstr\u00f8m (lm) 180<\/div>\n<\/div>\n<\/div>\n","protected":false},"excerpt":{"rendered":"<p>&nbsp; G4 LED-lysp\u00e6rer med dimbar AC\/DC 12 V\u201324 V funksjonalitet gir energibesparelser p\u00e5 opptil 85 % sammenlignet med tradisjonelle halogenlamper. Med en h\u00f8y CRI (&gt;90), 360-graders spredningsvinkel og en levetid p\u00e5 30 000 timer, sikrer disse silikonp\u00e6rene 99 % lysgjennomgang, flimmerfri bruk og motstand mot fuktighet og st\u00f8t. Tilgjengelig i fargetemperaturer varmhvit, n\u00f8ytral hvit og [&hellip;]<\/p>\n","protected":false},"featured_media":162,"comment_status":"open","ping_status":"closed","template":"","meta":[],"product_brand":[18],"product_cat":[36],"product_tag":[39,37],"class_list":{"0":"post-143","1":"product","2":"type-product","3":"status-publish","4":"has-post-thumbnail","6":"product_brand-led-bulb","7":"product_cat-led-paerer","8":"product_tag-12-24-v","9":"product_tag-g4","10":"product_shipping_class-post","11":"post","12":"post-with-thumbnail","13":"post-with-thumbnail-none","15":"first","16":"instock","17":"shipping-taxable","18":"purchasable","19":"product-type-simple"},"_links":{"self":[{"href":"https:\/\/ledfu.no\/no\/wp-json\/wp\/v2\/product\/143","targetHints":{"allow":["GET"]}}],"collection":[{"href":"https:\/\/ledfu.no\/no\/wp-json\/wp\/v2\/product"}],"about":[{"href":"https:\/\/ledfu.no\/no\/wp-json\/wp\/v2\/types\/product"}],"replies":[{"embeddable":true,"href":"https:\/\/ledfu.no\/no\/wp-json\/wp\/v2\/comments?post=143"}],"wp:featuredmedia":[{"embeddable":true,"href":"https:\/\/ledfu.no\/no\/wp-json\/wp\/v2\/media\/162"}],"wp:attachment":[{"href":"https:\/\/ledfu.no\/no\/wp-json\/wp\/v2\/media?parent=143"}],"wp:term":[{"taxonomy":"product_brand","embeddable":true,"href":"https:\/\/ledfu.no\/no\/wp-json\/wp\/v2\/product_brand?post=143"},{"taxonomy":"product_cat","embeddable":true,"href":"https:\/\/ledfu.no\/no\/wp-json\/wp\/v2\/product_cat?post=143"},{"taxonomy":"product_tag","embeddable":true,"href":"https:\/\/ledfu.no\/no\/wp-json\/wp\/v2\/product_tag?post=143"}],"curies":[{"name":"wp","href":"https:\/\/api.w.org\/{rel}","templated":true}]}}