{"id":141,"date":"2026-01-18T21:37:14","date_gmt":"2026-01-18T21:37:14","guid":{"rendered":"https:\/\/ledfu.no\/product\/g4-ac-dc12v-led-paere\/"},"modified":"2026-02-25T12:25:49","modified_gmt":"2026-02-25T12:25:49","slug":"g4-ac-dc12v-led-paere","status":"publish","type":"product","link":"https:\/\/ledfu.no\/no\/produkt\/g4-ac-dc12v-led-paere\/","title":{"rendered":"G4 AC-DC12V LED-p\u00e6re"},"content":{"rendered":"<p>&nbsp;<\/p>\n<h1>G4 AC-DC12V LED-p\u00e6re<\/h1>\n<p>&nbsp;<\/p>\n<p><img loading=\"lazy\" decoding=\"async\" class=\"size-medium wp-image-77 alignleft\" src=\"https:\/\/ledfu.no\/wp-content\/uploads\/2026\/01\/G4-12-24v-300x300.jpg\" alt=\"\" width=\"300\" height=\"300\" srcset=\"https:\/\/ledfu.no\/wp-content\/uploads\/2026\/01\/G4-12-24v-300x300.jpg 300w, https:\/\/ledfu.no\/wp-content\/uploads\/2026\/01\/G4-12-24v-100x100.jpg 100w, https:\/\/ledfu.no\/wp-content\/uploads\/2026\/01\/G4-12-24v-150x150.jpg 150w, https:\/\/ledfu.no\/wp-content\/uploads\/2026\/01\/G4-12-24v.jpg 600w\" sizes=\"auto, (max-width: 300px) 100vw, 300px\" \/>360 graders full lysvinkel, Led Filament-p\u00e6re med h\u00f8yt lumen<br \/>\nEnergibesparende og milj\u00f8vennlig Led-lysp\u00e6re.<br \/>\nLysstr\u00f8mmen kan n\u00e5 opptil 100 lm\/W.<br \/>\nWatt: 2 W<br \/>\nDimbar type: dimbar\/ikke-dimbar.<br \/>\nFargetemperatur: 2700K-6500K, varmhvit, ren hvit og kald hvit<br \/>\nBruksomr\u00e5de: Bolig, stue, soverom, kontor<br \/>\nInngangsspenning (V) AC\/DC12V<br \/>\nLysutbytte (lm\/w) 100<br \/>\nFargegjengivelsesindeks (Ra) 85<br \/>\nSt\u00f8rrelse: 10 mm*H39 mm (inkludert pinner)<br \/>\nIngen UR, ingen str\u00e5ling, trygt for mennesker.<br \/>\nH\u00f8y kvalitet med CE, RoHS og andre sertifikater.<br \/>\nLang levetid opptil 30 000 timer.<\/p>\n","protected":false},"excerpt":{"rendered":"<p>&nbsp; G4 AC-DC12V LED-p\u00e6re &nbsp; 360 graders full lysvinkel, Led Filament-p\u00e6re med h\u00f8yt lumen Energibesparende og milj\u00f8vennlig Led-lysp\u00e6re. Lysstr\u00f8mmen kan n\u00e5 opptil 100 lm\/W. Watt: 2 W Dimbar type: dimbar\/ikke-dimbar. Fargetemperatur: 2700K-6500K, varmhvit, ren hvit og kald hvit Bruksomr\u00e5de: Bolig, stue, soverom, kontor Inngangsspenning (V) AC\/DC12V Lysutbytte (lm\/w) 100 Fargegjengivelsesindeks (Ra) 85 St\u00f8rrelse: 10 mm*H39 [&hellip;]<\/p>\n","protected":false},"featured_media":142,"comment_status":"open","ping_status":"closed","template":"","meta":[],"product_brand":[55,18],"product_cat":[36],"product_tag":[37],"class_list":{"0":"post-141","1":"product","2":"type-product","3":"status-publish","4":"has-post-thumbnail","6":"product_brand-benory","7":"product_brand-led-bulb","8":"product_cat-led-paerer","9":"product_tag-g4","10":"product_shipping_class-post","11":"post","12":"post-with-thumbnail","13":"post-with-thumbnail-none","15":"first","16":"instock","17":"shipping-taxable","18":"purchasable","19":"product-type-simple"},"jetpack_sharing_enabled":true,"_links":{"self":[{"href":"https:\/\/ledfu.no\/no\/wp-json\/wp\/v2\/product\/141","targetHints":{"allow":["GET"]}}],"collection":[{"href":"https:\/\/ledfu.no\/no\/wp-json\/wp\/v2\/product"}],"about":[{"href":"https:\/\/ledfu.no\/no\/wp-json\/wp\/v2\/types\/product"}],"replies":[{"embeddable":true,"href":"https:\/\/ledfu.no\/no\/wp-json\/wp\/v2\/comments?post=141"}],"wp:featuredmedia":[{"embeddable":true,"href":"https:\/\/ledfu.no\/no\/wp-json\/wp\/v2\/media\/142"}],"wp:attachment":[{"href":"https:\/\/ledfu.no\/no\/wp-json\/wp\/v2\/media?parent=141"}],"wp:term":[{"taxonomy":"product_brand","embeddable":true,"href":"https:\/\/ledfu.no\/no\/wp-json\/wp\/v2\/product_brand?post=141"},{"taxonomy":"product_cat","embeddable":true,"href":"https:\/\/ledfu.no\/no\/wp-json\/wp\/v2\/product_cat?post=141"},{"taxonomy":"product_tag","embeddable":true,"href":"https:\/\/ledfu.no\/no\/wp-json\/wp\/v2\/product_tag?post=141"}],"curies":[{"name":"wp","href":"https:\/\/api.w.org\/{rel}","templated":true}]}}