{"id":155,"date":"2026-01-24T12:49:32","date_gmt":"2026-01-24T12:49:32","guid":{"rendered":"https:\/\/ledfu.no\/?page_id=155"},"modified":"2026-01-24T12:52:36","modified_gmt":"2026-01-24T12:52:36","slug":"retur-og-refusjonspolitikk","status":"publish","type":"page","link":"https:\/\/ledfu.no\/no\/retur-og-refusjonspolitikk\/","title":{"rendered":"Retur- og refusjonspolitikk"},"content":{"rendered":"\n<p><b>Dette er en eksempelside.<\/b><\/p>\n\n<h2 class=\"wp-block-heading\">Oversikt<\/h2>\n\n<p>V\u00e5r retur- og refusjonspolitikk varer i 30 dager. Hvis det har g\u00e5tt 30 dager siden kj\u00f8pet ditt, kan vi ikke tilby deg full refusjon eller bytte. <\/p>\n\n<p>For \u00e5 v\u00e6re kvalifisert for en retur, m\u00e5 varen din v\u00e6re ubrukt og i samme stand som du mottok den. Den m\u00e5 ogs\u00e5 v\u00e6re i originalemballasjen. <\/p>\n\n<p>Flere typer varer er unntatt fra \u00e5 bli returnert. Ferskvare som mat, blomster, aviser eller magasiner kan ikke returneres. Vi aksepterer heller ikke produkter som er intime eller sanit\u00e6re varer, farlige materialer eller brennbare v\u00e6sker eller gasser.  <\/p>\n\n<p>Ytterligere varer som ikke kan returneres:<\/p>\n\n<ul class=\"wp-block-list\">\n<li>Gavekort<\/li>\n\n\n\n<li>Nedlastbare programvareprodukter<\/li>\n\n\n\n<li>Noen helse- og personlig pleieartikler<\/li>\n<\/ul>\n\n<p>For \u00e5 fullf\u00f8re returen din krever vi en kvittering eller et kj\u00f8psbevis.<\/p>\n\n<p>Vennligst ikke send kj\u00f8pet tilbake til produsenten.<\/p>\n\n<p>Det er visse situasjoner der bare delvis refusjon gis:<\/p>\n\n<ul class=\"wp-block-list\">\n<li>Bok med tydelige tegn p\u00e5 bruk<\/li>\n\n\n\n<li>CD, DVD, VHS-kassett, programvare, videospill, kassettb\u00e5nd eller vinylplate som er \u00e5pnet.<\/li>\n\n\n\n<li>Enhver vare som ikke er i sin opprinnelige tilstand, er skadet eller mangler deler av \u00e5rsaker som ikke skyldes v\u00e5r feil.<\/li>\n\n\n\n<li>Enhver vare som returneres mer enn 30 dager etter levering<\/li>\n<\/ul>\n\n<h2 class=\"wp-block-heading\">Refusjoner<\/h2>\n\n<p>N\u00e5r returen din er mottatt og inspisert, sender vi deg en e-post for \u00e5 varsle deg om at vi har mottatt den returnerte varen din. Vi vil ogs\u00e5 varsle deg om godkjenning eller avvisning av refusjonen din. <\/p>\n\n<p>Hvis du blir godkjent, vil refusjonen din bli behandlet, og en kreditt vil automatisk bli brukt p\u00e5 kredittkortet ditt eller den opprinnelige betalingsm\u00e5ten, innen et visst antall dager.<\/p>\n\n<h3 class=\"wp-block-heading\">Sen eller manglende refusjon<\/h3>\n\n<p>Hvis du ikke har mottatt refusjon enn\u00e5, sjekk bankkontoen din igjen f\u00f8rst.<\/p>\n\n<p>Kontakt deretter kredittkortselskapet ditt, det kan ta litt tid f\u00f8r refusjonen din offisielt blir bokf\u00f8rt.<\/p>\n\n<p>Kontakt deretter banken din. Det er ofte litt behandlingstid f\u00f8r en refusjon blir bokf\u00f8rt. <\/p>\n\n<p>Hvis du har gjort alt dette og du fortsatt ikke har mottatt refusjonen din enn\u00e5, vennligst kontakt oss p\u00e5 {email address}.<\/p>\n\n<h3 class=\"wp-block-heading\">Salgsvare<\/h3>\n\n<p>Bare varer med ordin\u00e6r pris kan refunderes. Salgsvarer kan ikke refunderes. <\/p>\n\n<h2 class=\"wp-block-heading\">Bytter<\/h2>\n\n<p>Vi erstatter bare varer hvis de er defekte eller skadet. Hvis du trenger \u00e5 bytte den mot samme vare, send oss en e-post p\u00e5 {email address} og send varen din til: {physical address}. <\/p>\n\n<h2 class=\"wp-block-heading\">Gaver<\/h2>\n\n<p>Hvis varen ble merket som en gave da den ble kj\u00f8pt og sendt direkte til deg, vil du motta en gavekreditt for verdien av returen din. N\u00e5r den returnerte varen er mottatt, vil et gavekort bli sendt til deg. <\/p>\n\n<p>Hvis varen ikke ble merket som en gave da den ble kj\u00f8pt, eller gavegiveren fikk bestillingen sendt til seg selv for \u00e5 gi den til deg senere, vil vi sende en refusjon til gavegiveren, og de vil finne ut om returen din.<\/p>\n\n<h2 class=\"wp-block-heading\">Returforsendelse<\/h2>\n\n<p>For \u00e5 returnere produktet ditt, b\u00f8r du sende produktet ditt til: {physical address}.<\/p>\n\n<p>Du vil v\u00e6re ansvarlig for \u00e5 betale for dine egne fraktkostnader for \u00e5 returnere varen din. Fraktkostnader refunderes ikke. Hvis du mottar en refusjon, vil kostnaden for returfrakt bli trukket fra refusjonen din.  <\/p>\n\n<p>Avhengig av hvor du bor, kan tiden det tar f\u00f8r det byttede produktet n\u00e5r deg variere.<\/p>\n\n<p>Hvis du returnerer dyrere varer, kan du vurdere \u00e5 bruke en sporbar frakttjeneste eller kj\u00f8pe fraktforsikring. Vi garanterer ikke at vi vil motta den returnerte varen din. <\/p>\n\n<h2 class=\"wp-block-heading\">Trenger du hjelp?<\/h2>\n\n<p>Kontakt oss p\u00e5 {mail@ledfu.no} hvis du har sp\u00f8rsm\u00e5l om refusjoner og returer.<\/p>\n\n<p><\/p>\n","protected":false},"excerpt":{"rendered":"<p>Dette er en eksempelside. Oversikt V\u00e5r retur- og refusjonspolitikk varer i 30 dager. Hvis det har g\u00e5tt 30 dager siden kj\u00f8pet ditt, kan vi ikke tilby deg full refusjon eller bytte. For \u00e5 v\u00e6re kvalifisert for en retur, m\u00e5 varen din v\u00e6re ubrukt og i samme stand som du mottok den. Den m\u00e5 ogs\u00e5 v\u00e6re [&hellip;]<\/p>\n","protected":false},"author":1,"featured_media":0,"parent":0,"menu_order":0,"comment_status":"closed","ping_status":"closed","template":"","meta":{"footnotes":""},"class_list":["post-155","page","type-page","status-publish","hentry","post"],"jetpack_sharing_enabled":true,"_links":{"self":[{"href":"https:\/\/ledfu.no\/no\/wp-json\/wp\/v2\/pages\/155","targetHints":{"allow":["GET"]}}],"collection":[{"href":"https:\/\/ledfu.no\/no\/wp-json\/wp\/v2\/pages"}],"about":[{"href":"https:\/\/ledfu.no\/no\/wp-json\/wp\/v2\/types\/page"}],"author":[{"embeddable":true,"href":"https:\/\/ledfu.no\/no\/wp-json\/wp\/v2\/users\/1"}],"replies":[{"embeddable":true,"href":"https:\/\/ledfu.no\/no\/wp-json\/wp\/v2\/comments?post=155"}],"version-history":[{"count":4,"href":"https:\/\/ledfu.no\/no\/wp-json\/wp\/v2\/pages\/155\/revisions"}],"predecessor-version":[{"id":286,"href":"https:\/\/ledfu.no\/no\/wp-json\/wp\/v2\/pages\/155\/revisions\/286"}],"wp:attachment":[{"href":"https:\/\/ledfu.no\/no\/wp-json\/wp\/v2\/media?parent=155"}],"curies":[{"name":"wp","href":"https:\/\/api.w.org\/{rel}","templated":true}]}}