{"id":153,"date":"2026-01-18T18:51:43","date_gmt":"2026-01-18T18:51:43","guid":{"rendered":"https:\/\/ledfu.no\/?page_id=153"},"modified":"2026-01-24T12:47:02","modified_gmt":"2026-01-24T12:47:02","slug":"personvernerklaering","status":"publish","type":"page","link":"https:\/\/ledfu.no\/no\/personvernerklaering\/","title":{"rendered":"Personvernerkl\u00e6ring"},"content":{"rendered":"\n<h2 class=\"wp-block-heading\">Hvem vi er<\/h2>\n\n<p>V\u00e5r nettstedsadresse er: https:\/\/ledfu.no.<\/p>\n\n<h2 class=\"wp-block-heading\">Kommentarer<\/h2>\n\n<p>N\u00e5r bes\u00f8kende legger igjen kommentarer p\u00e5 siden, samler vi inn dataene som vises i kommentarskjemaet, samt den bes\u00f8kendes IP-adresse og nettlesers brukeragentstreng for \u00e5 hjelpe til med \u00e5 oppdage spam.<\/p>\n\n<p>En anonymisert streng opprettet fra e-postadressen din (ogs\u00e5 kalt en hash) kan bli gitt til Gravatar-tjenesten for \u00e5 se om du bruker den. Gravatar-tjenestens personvernregler er tilgjengelige her: https:\/\/automattic.com\/privacy\/. Etter godkjenning av kommentaren din, vil profilbildet ditt v\u00e6re synlig for publikum i sammenheng med kommentaren din.<\/p>\n\n<h2 class=\"wp-block-heading\">Media<\/h2>\n\n<p>Hvis du laster opp bilder til nettstedet, b\u00f8r du unng\u00e5 \u00e5 laste opp bilder med innebygde stedsdata (EXIF GPS). Bes\u00f8kende p\u00e5 nettstedet kan laste ned og trekke ut alle stedsdata fra bilder p\u00e5 nettstedet.<\/p>\n\n<h2 class=\"wp-block-heading\">Informasjonskapsler<\/h2>\n\n<p><strong class=\"privacy-policy-tutorial\">Foresl\u00e5tt tekst: <\/strong>Hvis du legger igjen en kommentar p\u00e5 nettstedet v\u00e5rt, kan du velge \u00e5 lagre navn, e-postadresse og nettsted i informasjonskapsler. Disse er for din bekvemmelighet, slik at du ikke trenger \u00e5 fylle ut detaljene dine igjen n\u00e5r du legger igjen en ny kommentar. Disse informasjonskapslene vil vare i ett \u00e5r.<\/p>\n\n<p>Hvis du bes\u00f8ker v\u00e5r innloggingsside, vil vi sette en midlertidig informasjonskapsel for \u00e5 avgj\u00f8re om nettleseren din godtar informasjonskapsler. Denne informasjonskapselen inneholder ingen personlige data og forkastes n\u00e5r du lukker nettleseren din.<\/p>\n\n<p>N\u00e5r du logger inn, vil vi ogs\u00e5 sette opp flere informasjonskapsler for \u00e5 lagre innloggingsinformasjonen din og dine skjermvisningsvalg. Innloggingsinformasjonskapsler varer i to dager, og informasjonskapsler for skjermvalg varer i ett \u00e5r. Hvis du velger &#8220;Husk meg&#8221;, vil innloggingen din vedvare i to uker. Hvis du logger ut av kontoen din, vil innloggingsinformasjonskapslene bli fjernet.<\/p>\n\n<p>Hvis du redigerer eller publiserer en artikkel, vil en ekstra informasjonskapsel bli lagret i nettleseren din. Denne informasjonskapselen inneholder ingen personlige data og indikerer ganske enkelt innleggs-ID-en til artikkelen du nettopp redigerte. Den utl\u00f8per etter 1 dag.<\/p>\n\n<h2 class=\"wp-block-heading\">Innebygd innhold fra andre nettsteder<\/h2>\n\n<p>Artikler p\u00e5 dette nettstedet kan inkludere innebygd innhold (f.eks. videoer, bilder, artikler osv.). Innebygd innhold fra andre nettsteder oppf\u00f8rer seg p\u00e5 n\u00f8yaktig samme m\u00e5te som om den bes\u00f8kende har bes\u00f8kt det andre nettstedet.<\/p>\n\n<p>Disse nettstedene kan samle inn data om deg, bruke informasjonskapsler, bygge inn ekstra tredjepartssporing og overv\u00e5ke din interaksjon med det innebygde innholdet, inkludert sporing av din interaksjon med det innebygde innholdet hvis du har en konto og er logget inn p\u00e5 det nettstedet.<\/p>\n\n<h2 class=\"wp-block-heading\">Hvem vi deler dine data med<\/h2>\n\n<p>Hvis du ber om tilbakestilling av passord, vil IP-adressen din bli inkludert i e-posten for tilbakestilling.<\/p>\n\n<h2 class=\"wp-block-heading\">Hvor lenge vi oppbevarer dine data<\/h2>\n\n<p>Hvis du legger igjen en kommentar, vil kommentaren og dens metadata bli beholdt p\u00e5 ubestemt tid. Dette er slik at vi kan gjenkjenne og godkjenne eventuelle oppf\u00f8lgingskommentarer automatisk i stedet for \u00e5 holde dem i en modereringsk\u00f8.<\/p>\n\n<p>For brukere som registrerer seg p\u00e5 nettstedet v\u00e5rt (hvis noen), lagrer vi ogs\u00e5 den personlige informasjonen de oppgir i brukerprofilen sin. Alle brukere kan se, redigere eller slette sin personlige informasjon n\u00e5r som helst (bortsett fra at de ikke kan endre brukernavnet sitt). Nettstedsadministratorer kan ogs\u00e5 se og redigere den informasjonen.<\/p>\n\n<h2 class=\"wp-block-heading\">Hvilke rettigheter du har over dine data<\/h2>\n\n<p>Hvis du har en konto p\u00e5 dette nettstedet, eller har lagt igjen kommentarer, kan du be om \u00e5 motta en eksportert fil med de personlige dataene vi har om deg, inkludert alle data du har gitt oss. Du kan ogs\u00e5 be om at vi sletter alle personlige data vi har om deg. Dette inkluderer ikke data vi er forpliktet til \u00e5 oppbevare av administrative, juridiske eller sikkerhetsmessige \u00e5rsaker.<\/p>\n\n<h2 class=\"wp-block-heading\">Hvor dine data sendes<\/h2>\n\n<p>Bes\u00f8kendes kommentarer kan bli sjekket gjennom en automatisert spamdeteksjonstjeneste.<\/p>\n","protected":false},"excerpt":{"rendered":"<p>Hvem vi er V\u00e5r nettstedsadresse er: https:\/\/ledfu.no. Kommentarer N\u00e5r bes\u00f8kende legger igjen kommentarer p\u00e5 siden, samler vi inn dataene som vises i kommentarskjemaet, samt den bes\u00f8kendes IP-adresse og nettlesers brukeragentstreng for \u00e5 hjelpe til med \u00e5 oppdage spam. En anonymisert streng opprettet fra e-postadressen din (ogs\u00e5 kalt en hash) kan bli gitt til Gravatar-tjenesten for [&hellip;]<\/p>\n","protected":false},"author":1,"featured_media":0,"parent":0,"menu_order":0,"comment_status":"closed","ping_status":"open","template":"","meta":{"footnotes":""},"class_list":["post-153","page","type-page","status-publish","hentry","post"],"_links":{"self":[{"href":"https:\/\/ledfu.no\/no\/wp-json\/wp\/v2\/pages\/153","targetHints":{"allow":["GET"]}}],"collection":[{"href":"https:\/\/ledfu.no\/no\/wp-json\/wp\/v2\/pages"}],"about":[{"href":"https:\/\/ledfu.no\/no\/wp-json\/wp\/v2\/types\/page"}],"author":[{"embeddable":true,"href":"https:\/\/ledfu.no\/no\/wp-json\/wp\/v2\/users\/1"}],"replies":[{"embeddable":true,"href":"https:\/\/ledfu.no\/no\/wp-json\/wp\/v2\/comments?post=153"}],"version-history":[{"count":2,"href":"https:\/\/ledfu.no\/no\/wp-json\/wp\/v2\/pages\/153\/revisions"}],"predecessor-version":[{"id":278,"href":"https:\/\/ledfu.no\/no\/wp-json\/wp\/v2\/pages\/153\/revisions\/278"}],"wp:attachment":[{"href":"https:\/\/ledfu.no\/no\/wp-json\/wp\/v2\/media?parent=153"}],"curies":[{"name":"wp","href":"https:\/\/api.w.org\/{rel}","templated":true}]}}