{"id":892,"date":"2026-01-27T16:33:00","date_gmt":"2026-01-27T16:33:00","guid":{"rendered":"https:\/\/ledfu.no\/product\/voruheiti-1-7\/"},"modified":"2026-02-01T13:38:24","modified_gmt":"2026-02-01T13:38:24","slug":"voruheiti-1-7","status":"publish","type":"product","link":"https:\/\/ledfu.no\/is\/product\/voruheiti-1-7\/","title":{"rendered":"MR11\/G4 2w Led 10-30V"},"content":{"rendered":"<p>&nbsp;<\/p>\n<p>&nbsp;<\/p>\n<pre id=\"tw-target-text\" class=\"tw-data-text tw-text-large tw-ta\" dir=\"ltr\" tabindex=\"-1\" role=\"text\" data-placeholder=\"Translation\" data-ved=\"2ahUKEwiRkPSo07aSAxURExAIHTF8CiQQ3ewLegQIDBAW\" aria-label=\"Translated text: Base: Gu4.0 Pulse type: MR11 Material: Glass Watt: 2w Lumen: 280lm Led quantity: 12 led SMD  2835 LED Type: 5733 SMD (Gold plated, Copper mounting) CRI:&gt;80 Lifetime: 60000 hours Certification: CE RoHS FCC EMC LVD Light temperature: Warm white: (2800-3500K) White: (4000-4500K) Shock and vibration protected Power: 10-30V AC\/DC No UV or IR radiation\"><span class=\"Y2IQFc\" lang=\"en\"><img loading=\"lazy\" decoding=\"async\" class=\"size-full wp-image-1138 alignleft\" src=\"https:\/\/ledfu.no\/wp-content\/uploads\/2026\/01\/12smd2835-jpg.webp\" alt=\"\" width=\"300\" height=\"300\" srcset=\"https:\/\/ledfu.no\/wp-content\/uploads\/2026\/01\/12smd2835-jpg.webp 300w, https:\/\/ledfu.no\/wp-content\/uploads\/2026\/01\/12smd2835-jpg-150x150.webp 150w, https:\/\/ledfu.no\/wp-content\/uploads\/2026\/01\/12smd2835-jpg-100x100.webp 100w\" sizes=\"auto, (max-width: 300px) 100vw, 300px\" \/>S\u00f6kkull: Gu4.0\nTegund: MR11\nEfni: Gler\nW\u00f6tt: 2w\nLj\u00f3smagn: 280lm\nFj\u00f6ldi LED: 12 LED SMD 2835\nLED tegund: 5733 SMD (Gullh\u00fa\u00f0a\u00f0, kopparfesting)\nCRI:&gt;80\nEndingart\u00edmi: 60000 klst\nVottanir: CE RoHS FCC EMC LVD\nLitahitastig: Hl\u00fdtt hv\u00edtt: (2800-3500K) Hv\u00edtt: (4000-4500K)\nH\u00f6gg- og titringsvari\u00f0\nOrka: 10-30V AC\/DC\nEngin UV e\u00f0a IR geislun<\/span><\/pre>\n","protected":false},"excerpt":{"rendered":"<p>&nbsp; &nbsp; S\u00f6kkull: Gu4.0 Tegund: MR11 Efni: Gler W\u00f6tt: 2w Lj\u00f3smagn: 280lm Fj\u00f6ldi LED: 12 LED SMD 2835 LED tegund: 5733 SMD (Gullh\u00fa\u00f0a\u00f0, kopparfesting) CRI:&gt;80 Endingart\u00edmi: 60000 klst Vottanir: CE RoHS FCC EMC LVD Litahitastig: Hl\u00fdtt hv\u00edtt: (2800-3500K) Hv\u00edtt: (4000-4500K) H\u00f6gg- og titringsvari\u00f0 Orka: 10-30V AC\/DC Engin UV e\u00f0a IR geislun<\/p>\n","protected":false},"featured_media":1139,"comment_status":"open","ping_status":"closed","template":"","meta":[],"product_brand":[18],"product_cat":[40],"product_tag":[123,122],"class_list":{"0":"post-892","1":"product","2":"type-product","3":"status-publish","4":"has-post-thumbnail","6":"product_brand-led-bulb","7":"product_cat-led-perur","8":"product_tag-10-30v-ac-dc","9":"product_tag-mr11","10":"product_shipping_class-postur","11":"post","12":"post-with-thumbnail","13":"post-with-thumbnail-none","15":"first","16":"instock","17":"shipping-taxable","18":"purchasable","19":"product-type-simple"},"jetpack_sharing_enabled":true,"_links":{"self":[{"href":"https:\/\/ledfu.no\/is\/wp-json\/wp\/v2\/product\/892","targetHints":{"allow":["GET"]}}],"collection":[{"href":"https:\/\/ledfu.no\/is\/wp-json\/wp\/v2\/product"}],"about":[{"href":"https:\/\/ledfu.no\/is\/wp-json\/wp\/v2\/types\/product"}],"replies":[{"embeddable":true,"href":"https:\/\/ledfu.no\/is\/wp-json\/wp\/v2\/comments?post=892"}],"wp:featuredmedia":[{"embeddable":true,"href":"https:\/\/ledfu.no\/is\/wp-json\/wp\/v2\/media\/1139"}],"wp:attachment":[{"href":"https:\/\/ledfu.no\/is\/wp-json\/wp\/v2\/media?parent=892"}],"wp:term":[{"taxonomy":"product_brand","embeddable":true,"href":"https:\/\/ledfu.no\/is\/wp-json\/wp\/v2\/product_brand?post=892"},{"taxonomy":"product_cat","embeddable":true,"href":"https:\/\/ledfu.no\/is\/wp-json\/wp\/v2\/product_cat?post=892"},{"taxonomy":"product_tag","embeddable":true,"href":"https:\/\/ledfu.no\/is\/wp-json\/wp\/v2\/product_tag?post=892"}],"curies":[{"name":"wp","href":"https:\/\/api.w.org\/{rel}","templated":true}]}}