{"id":320,"date":"2026-01-25T10:03:31","date_gmt":"2026-01-25T10:03:31","guid":{"rendered":"https:\/\/ledfu.no\/product\/g4-led-pera-12-24v-ac-dc\/"},"modified":"2026-02-11T11:54:00","modified_gmt":"2026-02-11T11:54:00","slug":"g4-led-pera-12-24v-ac-dc","status":"publish","type":"product","link":"https:\/\/ledfu.no\/is\/product\/g4-led-pera-12-24v-ac-dc\/","title":{"rendered":"G4 LED pera 12-24V AC\/DC"},"content":{"rendered":"<p>&nbsp;<\/p>\n<p><img loading=\"lazy\" decoding=\"async\" class=\"size-full wp-image-1171 alignleft\" src=\"https:\/\/ledfu.no\/wp-content\/uploads\/2026\/01\/S6781994e7cf84833aeacb4120d262f39U-1.jpg\" alt=\"\" width=\"300\" height=\"300\" srcset=\"https:\/\/ledfu.no\/wp-content\/uploads\/2026\/01\/S6781994e7cf84833aeacb4120d262f39U-1.jpg 300w, https:\/\/ledfu.no\/wp-content\/uploads\/2026\/01\/S6781994e7cf84833aeacb4120d262f39U-1-150x150.jpg 150w, https:\/\/ledfu.no\/wp-content\/uploads\/2026\/01\/S6781994e7cf84833aeacb4120d262f39U-1-100x100.jpg 100w\" sizes=\"auto, (max-width: 300px) 100vw, 300px\" \/>Straumur: 12-24V AC\/DC<br \/>\nV\u00f6tt: 2W<br \/>\nS\u00f6kkull: G4<br \/>\nLED tegund: COB LED<br \/>\nDimmanlegt: J\u00e1<br \/>\nLj\u00f3shorn: 360 gr\u00e1\u00f0ur<br \/>\nL\u00famen: 270-300 lm<br \/>\nD\u00ed\u00f3\u00f0utegund: Epistar<br \/>\nFj\u00f6ldi LED: 1 stk.<br \/>\nCCT\/me\u00f0: 2800-3200K, 6000-6500K<br \/>\nLj\u00f3slitur: Hl\u00fdtt<br \/>\nEfni: Sil\u00edkon\/Plast<br \/>\n\u00deyngd: 0,037 kg<br \/>\nSt\u00e6r\u00f0: (L x B): 39 x 10 mm<\/p>\n<p>&nbsp;<\/p>\n","protected":false},"excerpt":{"rendered":"<p>&nbsp; Straumur: 12-24V AC\/DC V\u00f6tt: 2W S\u00f6kkull: G4 LED tegund: COB LED Dimmanlegt: J\u00e1 Lj\u00f3shorn: 360 gr\u00e1\u00f0ur L\u00famen: 270-300 lm D\u00ed\u00f3\u00f0utegund: Epistar Fj\u00f6ldi LED: 1 stk. CCT\/me\u00f0: 2800-3200K, 6000-6500K Lj\u00f3slitur: Hl\u00fdtt Efni: Sil\u00edkon\/Plast \u00deyngd: 0,037 kg St\u00e6r\u00f0: (L x B): 39 x 10 mm &nbsp;<\/p>\n","protected":false},"featured_media":1172,"comment_status":"open","ping_status":"closed","template":"","meta":[],"product_brand":[148],"product_cat":[40],"product_tag":[41,42],"class_list":{"0":"post-320","1":"product","2":"type-product","3":"status-publish","4":"has-post-thumbnail","6":"product_brand-gorlghy","7":"product_cat-led-perur","8":"product_tag-12-24v","9":"product_tag-g4","10":"product_shipping_class-postur","11":"post","12":"post-with-thumbnail","13":"post-with-thumbnail-none","15":"first","16":"instock","17":"shipping-taxable","18":"purchasable","19":"product-type-simple"},"_links":{"self":[{"href":"https:\/\/ledfu.no\/is\/wp-json\/wp\/v2\/product\/320","targetHints":{"allow":["GET"]}}],"collection":[{"href":"https:\/\/ledfu.no\/is\/wp-json\/wp\/v2\/product"}],"about":[{"href":"https:\/\/ledfu.no\/is\/wp-json\/wp\/v2\/types\/product"}],"replies":[{"embeddable":true,"href":"https:\/\/ledfu.no\/is\/wp-json\/wp\/v2\/comments?post=320"}],"wp:featuredmedia":[{"embeddable":true,"href":"https:\/\/ledfu.no\/is\/wp-json\/wp\/v2\/media\/1172"}],"wp:attachment":[{"href":"https:\/\/ledfu.no\/is\/wp-json\/wp\/v2\/media?parent=320"}],"wp:term":[{"taxonomy":"product_brand","embeddable":true,"href":"https:\/\/ledfu.no\/is\/wp-json\/wp\/v2\/product_brand?post=320"},{"taxonomy":"product_cat","embeddable":true,"href":"https:\/\/ledfu.no\/is\/wp-json\/wp\/v2\/product_cat?post=320"},{"taxonomy":"product_tag","embeddable":true,"href":"https:\/\/ledfu.no\/is\/wp-json\/wp\/v2\/product_tag?post=320"}],"curies":[{"name":"wp","href":"https:\/\/api.w.org\/{rel}","templated":true}]}}