{"id":212,"date":"2026-01-21T21:21:42","date_gmt":"2026-01-21T21:21:42","guid":{"rendered":"https:\/\/ledfu.no\/product\/g4-12-16v-ac-dc-3w\/"},"modified":"2026-02-01T13:38:24","modified_gmt":"2026-02-01T13:38:24","slug":"g4-12-16v-ac-dc-3w","status":"publish","type":"product","link":"https:\/\/ledfu.no\/is\/product\/g4-12-16v-ac-dc-3w\/","title":{"rendered":"G4 12-16V AC\/DC 3w"},"content":{"rendered":"<p>&nbsp;<\/p>\n<p>&nbsp;<\/p>\n<p><img loading=\"lazy\" decoding=\"async\" class=\" wp-image-211 alignleft\" src=\"https:\/\/ledfu.no\/wp-content\/uploads\/2026\/01\/G4-48led-jpg-297x300.webp\" alt=\"\" width=\"198\" height=\"200\" srcset=\"https:\/\/ledfu.no\/wp-content\/uploads\/2026\/01\/G4-48led-jpg-297x300.webp 297w, https:\/\/ledfu.no\/wp-content\/uploads\/2026\/01\/G4-48led-jpg-100x100.webp 100w, https:\/\/ledfu.no\/wp-content\/uploads\/2026\/01\/G4-48led-jpg-300x303.webp 300w, https:\/\/ledfu.no\/wp-content\/uploads\/2026\/01\/G4-48led-jpg.webp 573w\" sizes=\"auto, (max-width: 198px) 100vw, 198px\" \/>Perustykki: G4 Straumur: 12-16V AC\/DC<br \/>\nLED: 48 stk SMD 3014<br \/>\nLj\u00f3slitur: hv\u00edtt\/hl\u00fdtt<br \/>\nW\u00f6tt: 3w<br \/>\nLj\u00f3smagn: 300-400 lm<br \/>\nUmm\u00e1l: 3,6 x 1,3 cm<\/p>\n","protected":false},"excerpt":{"rendered":"<p>&nbsp; &nbsp; Perustykki: G4 Straumur: 12-16V AC\/DC LED: 48 stk SMD 3014 Lj\u00f3slitur: hv\u00edtt\/hl\u00fdtt W\u00f6tt: 3w Lj\u00f3smagn: 300-400 lm Umm\u00e1l: 3,6 x 1,3 cm<\/p>\n","protected":false},"featured_media":215,"comment_status":"open","ping_status":"closed","template":"","meta":[],"product_brand":[18],"product_cat":[40],"product_tag":[51,42],"class_list":{"0":"post-212","1":"product","2":"type-product","3":"status-publish","4":"has-post-thumbnail","6":"product_brand-led-bulb","7":"product_cat-led-perur","8":"product_tag-12-16v-ac-dc","9":"product_tag-g4","10":"product_shipping_class-postur","11":"post","12":"post-with-thumbnail","13":"post-with-thumbnail-none","15":"first","16":"instock","17":"shipping-taxable","18":"purchasable","19":"product-type-simple"},"jetpack_sharing_enabled":true,"_links":{"self":[{"href":"https:\/\/ledfu.no\/is\/wp-json\/wp\/v2\/product\/212","targetHints":{"allow":["GET"]}}],"collection":[{"href":"https:\/\/ledfu.no\/is\/wp-json\/wp\/v2\/product"}],"about":[{"href":"https:\/\/ledfu.no\/is\/wp-json\/wp\/v2\/types\/product"}],"replies":[{"embeddable":true,"href":"https:\/\/ledfu.no\/is\/wp-json\/wp\/v2\/comments?post=212"}],"wp:featuredmedia":[{"embeddable":true,"href":"https:\/\/ledfu.no\/is\/wp-json\/wp\/v2\/media\/215"}],"wp:attachment":[{"href":"https:\/\/ledfu.no\/is\/wp-json\/wp\/v2\/media?parent=212"}],"wp:term":[{"taxonomy":"product_brand","embeddable":true,"href":"https:\/\/ledfu.no\/is\/wp-json\/wp\/v2\/product_brand?post=212"},{"taxonomy":"product_cat","embeddable":true,"href":"https:\/\/ledfu.no\/is\/wp-json\/wp\/v2\/product_cat?post=212"},{"taxonomy":"product_tag","embeddable":true,"href":"https:\/\/ledfu.no\/is\/wp-json\/wp\/v2\/product_tag?post=212"}],"curies":[{"name":"wp","href":"https:\/\/api.w.org\/{rel}","templated":true}]}}