{"id":173,"date":"2026-01-18T21:37:14","date_gmt":"2026-01-18T21:37:14","guid":{"rendered":"https:\/\/ledfu.no\/product\/g4-ac-dc12v-led-pera\/"},"modified":"2026-02-25T12:25:49","modified_gmt":"2026-02-25T12:25:49","slug":"g4-ac-dc12v-led-pera","status":"publish","type":"product","link":"https:\/\/ledfu.no\/is\/product\/g4-ac-dc12v-led-pera\/","title":{"rendered":"G4 AC-DC12V LED pera"},"content":{"rendered":"<p>&nbsp;<\/p>\n<h1>G4 AC-DC12V LED pera<\/h1>\n<p>&nbsp;<\/p>\n<p><img loading=\"lazy\" decoding=\"async\" class=\"size-medium wp-image-77 alignleft\" src=\"https:\/\/ledfu.no\/wp-content\/uploads\/2026\/01\/G4-12-24v-300x300.jpg\" alt=\"\" width=\"300\" height=\"300\" srcset=\"https:\/\/ledfu.no\/wp-content\/uploads\/2026\/01\/G4-12-24v-300x300.jpg 300w, https:\/\/ledfu.no\/wp-content\/uploads\/2026\/01\/G4-12-24v-100x100.jpg 100w, https:\/\/ledfu.no\/wp-content\/uploads\/2026\/01\/G4-12-24v-150x150.jpg 150w, https:\/\/ledfu.no\/wp-content\/uploads\/2026\/01\/G4-12-24v.jpg 600w\" sizes=\"auto, (max-width: 300px) 100vw, 300px\" \/>360 gr\u00e1\u00f0u full lj\u00f3shorn h\u00e1lj\u00f3ma LED gl\u00f3pera<br \/>\nOrkusparandi og umhverfisv\u00e6n LED lj\u00f3sapera.<br \/>\nLj\u00f3sstreymi getur n\u00e1\u00f0 allt a\u00f0 100 lm\/W.<br \/>\nAfl: 2W<br \/>\nDimmanlegt: dimmanlegt\/\u00f3dimmanlegt.<br \/>\nLitarhitastig: 2700K-6500K, hl\u00fdtt hv\u00edtt, hreint hv\u00edtt og kalt hv\u00edtt<br \/>\nNotkun: \u00cdb\u00fa\u00f0arh\u00fasn\u00e6\u00f0i, stofa, svefnherbergi, skrifstofa<br \/>\nInntaksspenna (V) AC\/DC 12V<br \/>\nLj\u00f3sn\u00fdtni peru (lm\/w) 100<br \/>\nLitendurgjafarstu\u00f0ull (Ra) 85<br \/>\nSt\u00e6r\u00f0: 10mm*H39mm (me\u00f0 pinnum)<br \/>\nEngin \u00fatfj\u00f3lubl\u00e1 geislun, engin geislun, \u00f6rugg fyrir f\u00f3lk.<br \/>\nH\u00e1g\u00e6\u00f0a vara me\u00f0 CE, RoHS og \u00f6\u00f0rum vottununum.<br \/>\nL\u00f6ng ending allt a\u00f0 30000 klukkustundir.<\/p>\n","protected":false},"excerpt":{"rendered":"<p>&nbsp; G4 AC-DC12V LED pera &nbsp; 360 gr\u00e1\u00f0u full lj\u00f3shorn h\u00e1lj\u00f3ma LED gl\u00f3pera Orkusparandi og umhverfisv\u00e6n LED lj\u00f3sapera. Lj\u00f3sstreymi getur n\u00e1\u00f0 allt a\u00f0 100 lm\/W. Afl: 2W Dimmanlegt: dimmanlegt\/\u00f3dimmanlegt. Litarhitastig: 2700K-6500K, hl\u00fdtt hv\u00edtt, hreint hv\u00edtt og kalt hv\u00edtt Notkun: \u00cdb\u00fa\u00f0arh\u00fasn\u00e6\u00f0i, stofa, svefnherbergi, skrifstofa Inntaksspenna (V) AC\/DC 12V Lj\u00f3sn\u00fdtni peru (lm\/w) 100 Litendurgjafarstu\u00f0ull (Ra) 85 St\u00e6r\u00f0: [&hellip;]<\/p>\n","protected":false},"featured_media":151,"comment_status":"open","ping_status":"closed","template":"","meta":[],"product_brand":[55,18],"product_cat":[40],"product_tag":[42],"class_list":{"0":"post-173","1":"product","2":"type-product","3":"status-publish","4":"has-post-thumbnail","6":"product_brand-benory","7":"product_brand-led-bulb","8":"product_cat-led-perur","9":"product_tag-g4","10":"product_shipping_class-postur","11":"post","12":"post-with-thumbnail","13":"post-with-thumbnail-none","15":"first","16":"instock","17":"shipping-taxable","18":"purchasable","19":"product-type-simple"},"jetpack_sharing_enabled":true,"_links":{"self":[{"href":"https:\/\/ledfu.no\/is\/wp-json\/wp\/v2\/product\/173","targetHints":{"allow":["GET"]}}],"collection":[{"href":"https:\/\/ledfu.no\/is\/wp-json\/wp\/v2\/product"}],"about":[{"href":"https:\/\/ledfu.no\/is\/wp-json\/wp\/v2\/types\/product"}],"replies":[{"embeddable":true,"href":"https:\/\/ledfu.no\/is\/wp-json\/wp\/v2\/comments?post=173"}],"wp:featuredmedia":[{"embeddable":true,"href":"https:\/\/ledfu.no\/is\/wp-json\/wp\/v2\/media\/151"}],"wp:attachment":[{"href":"https:\/\/ledfu.no\/is\/wp-json\/wp\/v2\/media?parent=173"}],"wp:term":[{"taxonomy":"product_brand","embeddable":true,"href":"https:\/\/ledfu.no\/is\/wp-json\/wp\/v2\/product_brand?post=173"},{"taxonomy":"product_cat","embeddable":true,"href":"https:\/\/ledfu.no\/is\/wp-json\/wp\/v2\/product_cat?post=173"},{"taxonomy":"product_tag","embeddable":true,"href":"https:\/\/ledfu.no\/is\/wp-json\/wp\/v2\/product_tag?post=173"}],"curies":[{"name":"wp","href":"https:\/\/api.w.org\/{rel}","templated":true}]}}