{"id":149,"date":"2026-01-18T20:56:22","date_gmt":"2026-01-18T20:56:22","guid":{"rendered":"https:\/\/ledfu.no\/product\/g4-led-pera-12-24v\/"},"modified":"2026-02-01T13:29:44","modified_gmt":"2026-02-01T13:29:44","slug":"g4-led-pera-12-24v","status":"publish","type":"product","link":"https:\/\/ledfu.no\/is\/product\/g4-led-pera-12-24v\/","title":{"rendered":"G4 LED pera 12-24V"},"content":{"rendered":"<p>&nbsp;<\/p>\n<p><img loading=\"lazy\" decoding=\"async\" class=\" wp-image-23 alignleft\" src=\"https:\/\/ledfu.no\/wp-content\/uploads\/2026\/01\/cropped-g4-2wd-300x300-1-300x300.jpg\" alt=\"\" width=\"378\" height=\"378\" srcset=\"https:\/\/ledfu.no\/wp-content\/uploads\/2026\/01\/cropped-g4-2wd-300x300-1-300x300.jpg 300w, https:\/\/ledfu.no\/wp-content\/uploads\/2026\/01\/cropped-g4-2wd-300x300-1-150x150.jpg 150w, https:\/\/ledfu.no\/wp-content\/uploads\/2026\/01\/cropped-g4-2wd-300x300-1-100x100.jpg 100w, https:\/\/ledfu.no\/wp-content\/uploads\/2026\/01\/cropped-g4-2wd-300x300-1-270x270.jpg 270w, https:\/\/ledfu.no\/wp-content\/uploads\/2026\/01\/cropped-g4-2wd-300x300-1-192x192.jpg 192w, https:\/\/ledfu.no\/wp-content\/uploads\/2026\/01\/cropped-g4-2wd-300x300-1-180x180.jpg 180w, https:\/\/ledfu.no\/wp-content\/uploads\/2026\/01\/cropped-g4-2wd-300x300-1-32x32.jpg 32w, https:\/\/ledfu.no\/wp-content\/uploads\/2026\/01\/cropped-g4-2wd-300x300-1.jpg 512w\" sizes=\"auto, (max-width: 378px) 100vw, 378px\" \/>G4 LED lj\u00f3saperur me\u00f0 dimmanlegum AC\/DC 12V-24V virkni bj\u00f3\u00f0a upp \u00e1 <span class=\"index_module_idAiSummary__content__p__bold__174b454c\">allt a\u00f0 85% orkusparna\u00f0<\/span> mi\u00f0a\u00f0 vi\u00f0 hef\u00f0bundnar hal\u00f3genperur. Me\u00f0 h\u00e1tt CRI (&gt;90), <span class=\"index_module_idAiSummary__content__p__bold__174b454c\">360-gr\u00e1\u00f0u lj\u00f3sgeisla<\/span> og 30.000 klukkustunda endingart\u00edma, tryggja \u00feessar perur \u00far s\u00edlikoni 99% lj\u00f3sflutning, ekkert fl\u00f6kkt og \u00feol gegn raka og h\u00f6ggum. F\u00e1anlegar \u00ed hl\u00fdhv\u00edtum, n\u00e1tt\u00faruhv\u00edtum og kalhv\u00edtum litarhita fyrir fj\u00f6lbreytta notkun.  <\/p>\n<div class=\"id-grid id-max-h-[68px] id-overflow-hidden id-grid-cols-[2fr_3fr] id-border-b-[0.5px] id-border-[#ddd]\">\n<div class=\"id-text-sm id-p-4 id-bg-[#f8f8f8] id-flex id-items-center\" title=\"Litarhitastig (CCT)\" data-spm-anchor-id=\"a2700.details.0.i111.64e971f63Hcoeh\">\n<div class=\"id-line-clamp-2 id-leading-[18px]\">Litarhitastig (CCT)<\/div>\n<\/div>\n<div class=\"id-text-sm id-font-medium id-p-4 id-flex id-items-center id-flex-wrap\" title=\"3000K\/4000K\/6000K\">\n<div class=\"id-line-clamp-2 id-leading-[18px]\">3000K\/4000K\/6000K<\/div>\n<\/div>\n<\/div>\n<div class=\"id-grid id-max-h-[68px] id-overflow-hidden id-grid-cols-[2fr_3fr] id-border-b-[0.5px] id-border-[#ddd]\">\n<div class=\"id-text-sm id-p-4 id-bg-[#f8f8f8] id-flex id-items-center\" title=\"Inntaksspenna (V)\">\n<div class=\"id-line-clamp-2 id-leading-[18px]\" data-spm-anchor-id=\"a2700.details.0.i109.64e971f63Hcoeh\">Inntaksspenna (V) AC\/DC 12v-24V<\/div>\n<\/div>\n<\/div>\n<div class=\"id-grid id-max-h-[68px] id-overflow-hidden id-grid-cols-[2fr_3fr] id-border-b-[0.5px] id-border-[#ddd]\">\n<div class=\"id-text-sm id-p-4 id-bg-[#f8f8f8] id-flex id-items-center\" title=\"Upprunaland\">Efni S\u00edlikon<\/div>\n<\/div>\n<div class=\"id-grid id-max-h-[68px] id-overflow-hidden id-grid-cols-[2fr_3fr] id-border-b-[0.5px] id-border-[#ddd]\">\n<div class=\"id-text-sm id-p-4 id-bg-[#f8f8f8] id-flex id-items-center\" title=\"S\u00f6kkultegund\">\n<div class=\"id-line-clamp-2 id-leading-[18px]\">S\u00f6kkultegund G4<\/div>\n<\/div>\n<\/div>\n<div class=\"id-grid id-max-h-[68px] id-overflow-hidden id-grid-cols-[2fr_3fr] id-border-b-[0.5px] id-border-[#ddd]\">\n<div class=\"id-text-sm id-p-4 id-bg-[#f8f8f8] id-flex id-items-center\" title=\"Vottun\">\n<div class=\"id-line-clamp-2 id-leading-[18px]\">Vottun Emc, RoHS, CE, LVD<\/div>\n<\/div>\n<\/div>\n<div class=\"id-grid id-max-h-[68px] id-overflow-hidden id-grid-cols-[2fr_3fr] id-border-b-[0.5px] id-border-[#ddd]\">\n<div class=\"id-text-sm id-p-4 id-bg-[#f8f8f8] id-flex id-items-center\" title=\"Litendurgjafarstu\u00f0ull (Ra)\">\n<div class=\"id-line-clamp-2 id-leading-[18px]\" data-spm-anchor-id=\"a2700.details.0.i110.64e971f63Hcoeh\">Litendurgjafarstu\u00f0ull (Ra) 90<\/div>\n<div class=\"id-line-clamp-2 id-leading-[18px]\" data-spm-anchor-id=\"a2700.details.0.i110.64e971f63Hcoeh\">Lj\u00f3sn\u00fdtni (lm\/w) 115<\/div>\n<div class=\"id-line-clamp-2 id-leading-[18px]\" data-spm-anchor-id=\"a2700.details.0.i110.64e971f63Hcoeh\">Lj\u00f3sstreymi (lm) 180<\/div>\n<\/div>\n<\/div>\n","protected":false},"excerpt":{"rendered":"<p>&nbsp; G4 LED lj\u00f3saperur me\u00f0 dimmanlegum AC\/DC 12V-24V virkni bj\u00f3\u00f0a upp \u00e1 allt a\u00f0 85% orkusparna\u00f0 mi\u00f0a\u00f0 vi\u00f0 hef\u00f0bundnar hal\u00f3genperur. Me\u00f0 h\u00e1tt CRI (&gt;90), 360-gr\u00e1\u00f0u lj\u00f3sgeisla og 30.000 klukkustunda endingart\u00edma, tryggja \u00feessar perur \u00far s\u00edlikoni 99% lj\u00f3sflutning, ekkert fl\u00f6kkt og \u00feol gegn raka og h\u00f6ggum. F\u00e1anlegar \u00ed hl\u00fdhv\u00edtum, n\u00e1tt\u00faruhv\u00edtum og kalhv\u00edtum litarhita fyrir fj\u00f6lbreytta notkun. [&hellip;]<\/p>\n","protected":false},"featured_media":163,"comment_status":"open","ping_status":"closed","template":"","meta":[],"product_brand":[18],"product_cat":[40],"product_tag":[41,42],"class_list":{"0":"post-149","1":"product","2":"type-product","3":"status-publish","4":"has-post-thumbnail","6":"product_brand-led-bulb","7":"product_cat-led-perur","8":"product_tag-12-24v","9":"product_tag-g4","10":"product_shipping_class-postur","11":"post","12":"post-with-thumbnail","13":"post-with-thumbnail-none","15":"first","16":"instock","17":"shipping-taxable","18":"purchasable","19":"product-type-simple"},"_links":{"self":[{"href":"https:\/\/ledfu.no\/is\/wp-json\/wp\/v2\/product\/149","targetHints":{"allow":["GET"]}}],"collection":[{"href":"https:\/\/ledfu.no\/is\/wp-json\/wp\/v2\/product"}],"about":[{"href":"https:\/\/ledfu.no\/is\/wp-json\/wp\/v2\/types\/product"}],"replies":[{"embeddable":true,"href":"https:\/\/ledfu.no\/is\/wp-json\/wp\/v2\/comments?post=149"}],"wp:featuredmedia":[{"embeddable":true,"href":"https:\/\/ledfu.no\/is\/wp-json\/wp\/v2\/media\/163"}],"wp:attachment":[{"href":"https:\/\/ledfu.no\/is\/wp-json\/wp\/v2\/media?parent=149"}],"wp:term":[{"taxonomy":"product_brand","embeddable":true,"href":"https:\/\/ledfu.no\/is\/wp-json\/wp\/v2\/product_brand?post=149"},{"taxonomy":"product_cat","embeddable":true,"href":"https:\/\/ledfu.no\/is\/wp-json\/wp\/v2\/product_cat?post=149"},{"taxonomy":"product_tag","embeddable":true,"href":"https:\/\/ledfu.no\/is\/wp-json\/wp\/v2\/product_tag?post=149"}],"curies":[{"name":"wp","href":"https:\/\/api.w.org\/{rel}","templated":true}]}}