{"id":663,"date":"2026-01-27T16:02:56","date_gmt":"2026-01-27T16:02:56","guid":{"rendered":"https:\/\/ledfu.no\/sida\/"},"modified":"2026-01-27T16:02:56","modified_gmt":"2026-01-27T16:02:56","slug":"sida","status":"publish","type":"page","link":"https:\/\/ledfu.no\/is\/sida\/","title":{"rendered":"S\u00ed\u00f0a"},"content":{"rendered":"<p>\u00de\u00fa \u00fearft a\u00f0 f\u00e1 n\u00e6gan svefn. A\u00f0rir kaupmenn lifa l\u00edfi s\u00ednu \u00ed s\u00e6luv\u00edmu. Til d\u00e6mis, \u00ed hvert skipti sem \u00e9g fer \u00e1 mismunandi fer\u00f0amannasta\u00f0i a\u00f0 morgni til a\u00f0 vinna \u00far samningum, sitja \u00feessir menn \u00fear alltaf a\u00f0 bor\u00f0a morgunmat. A\u00f0eins me\u00f0 b\u00f3lu eins og \u00e9g \u00e1tti a\u00f0 vera; \u00e9g myndi f\u00e1 bletti til a\u00f0 kasta. En hver veit hvort \u00fea\u00f0 v\u00e6ri kannski besta lausnin fyrir mig, eins og \u00e9g upplifi \u00fea\u00f0. \u00c9g vildi a\u00f0 \u00feeir dyttu af skrifbor\u00f0inu hans. \u00de\u00fa \u00fearft a\u00f0 f\u00e1 n\u00e6gan svefn. A\u00f0rir kaupmenn lifa l\u00edfi s\u00ednu \u00ed s\u00e6luv\u00edmu. Til d\u00e6mis, \u00ed hvert skipti sem \u00e9g fer \u00e1 mismunandi fer\u00f0amannasta\u00f0i a\u00f0 morgni til a\u00f0 vinna \u00far samningum, sitja \u00feessir menn \u00fear alltaf a\u00f0 bor\u00f0a morgunmat. A\u00f0eins me\u00f0 b\u00f3lu eins og \u00e9g \u00e1tti a\u00f0 vera; \u00e9g myndi f\u00e1 bletti til a\u00f0 kasta. En hver veit hvort \u00fea\u00f0 v\u00e6ri kannski besta lausnin fyrir mig, eins og \u00e9g upplifi \u00fea\u00f0. \u00c9g vildi a\u00f0 \u00feeir dyttu af skrifbor\u00f0inu hans. \u00de\u00fa \u00fearft a\u00f0 f\u00e1 n\u00e6gan svefn. A\u00f0rir kaupmenn lifa l\u00edfi s\u00ednu \u00ed s\u00e6luv\u00edmu. Til d\u00e6mis, \u00ed hvert skipti sem \u00e9g fer \u00e1 mismunandi fer\u00f0amannasta\u00f0i a\u00f0 morgni til a\u00f0 vinna \u00far samningum, sitja \u00feessir menn \u00fear alltaf a\u00f0 bor\u00f0a morgunmat. A\u00f0eins me\u00f0 b\u00f3lu eins og \u00e9g \u00e1tti a\u00f0 vera; \u00e9g myndi f\u00e1 bletti til a\u00f0 kasta. En hver veit hvort \u00fea\u00f0 v\u00e6ri kannski besta lausnin fyrir mig, eins og \u00e9g upplifi \u00fea\u00f0. \u00c9g vildi a\u00f0 \u00feeir dyttu af skrifbor\u00f0inu hans. \u00de\u00fa \u00fearft a\u00f0 f\u00e1 n\u00e6gan svefn. A\u00f0rir kaupmenn lifa l\u00edfi s\u00ednu \u00ed s\u00e6luv\u00edmu. Til d\u00e6mis, \u00ed hvert skipti sem \u00e9g fer \u00e1 mismunandi fer\u00f0amannasta\u00f0i a\u00f0 morgni til a\u00f0 vinna \u00far samningum, sitja \u00feessir menn \u00fear alltaf a\u00f0 bor\u00f0a morgunmat. A\u00f0eins me\u00f0 b\u00f3lu eins og \u00e9g \u00e1tti a\u00f0 vera; \u00e9g myndi f\u00e1 bletti til a\u00f0 kasta. En hver veit hvort \u00fea\u00f0 v\u00e6ri kannski besta lausnin fyrir mig, eins og \u00e9g upplifi \u00fea\u00f0. \u00c9g vildi a\u00f0 \u00feeir dyttu af skrifbor\u00f0inu hans                    <\/p>\n","protected":false},"excerpt":{"rendered":"<p>\u00de\u00fa \u00fearft a\u00f0 f\u00e1 n\u00e6gan svefn. A\u00f0rir kaupmenn lifa l\u00edfi s\u00ednu \u00ed s\u00e6luv\u00edmu. Til d\u00e6mis, \u00ed hvert skipti sem \u00e9g fer \u00e1 mismunandi fer\u00f0amannasta\u00f0i a\u00f0 morgni til a\u00f0 vinna \u00far samningum, sitja \u00feessir menn \u00fear alltaf a\u00f0 bor\u00f0a morgunmat. A\u00f0eins me\u00f0 b\u00f3lu eins og \u00e9g \u00e1tti a\u00f0 vera; \u00e9g myndi f\u00e1 bletti til a\u00f0 kasta. [&hellip;]<\/p>\n","protected":false},"author":1,"featured_media":0,"parent":0,"menu_order":0,"comment_status":"closed","ping_status":"closed","template":"","meta":{"footnotes":""},"class_list":["post-663","page","type-page","status-publish","hentry","post"],"jetpack_sharing_enabled":true,"_links":{"self":[{"href":"https:\/\/ledfu.no\/is\/wp-json\/wp\/v2\/pages\/663","targetHints":{"allow":["GET"]}}],"collection":[{"href":"https:\/\/ledfu.no\/is\/wp-json\/wp\/v2\/pages"}],"about":[{"href":"https:\/\/ledfu.no\/is\/wp-json\/wp\/v2\/types\/page"}],"author":[{"embeddable":true,"href":"https:\/\/ledfu.no\/is\/wp-json\/wp\/v2\/users\/1"}],"replies":[{"embeddable":true,"href":"https:\/\/ledfu.no\/is\/wp-json\/wp\/v2\/comments?post=663"}],"version-history":[{"count":0,"href":"https:\/\/ledfu.no\/is\/wp-json\/wp\/v2\/pages\/663\/revisions"}],"wp:attachment":[{"href":"https:\/\/ledfu.no\/is\/wp-json\/wp\/v2\/media?parent=663"}],"curies":[{"name":"wp","href":"https:\/\/api.w.org\/{rel}","templated":true}]}}