{"id":157,"date":"2026-01-18T18:51:43","date_gmt":"2026-01-18T18:51:43","guid":{"rendered":"https:\/\/ledfu.no\/?page_id=157"},"modified":"2026-01-24T12:47:02","modified_gmt":"2026-01-24T12:47:02","slug":"personuverndarstefna","status":"publish","type":"page","link":"https:\/\/ledfu.no\/is\/personuverndarstefna\/","title":{"rendered":"Pers\u00f3nuverndarstefna"},"content":{"rendered":"\n<h2 class=\"wp-block-heading\">Hverjir vi\u00f0 erum<\/h2>\n\n<p>Veffang okkar er: https:\/\/ledfu.no.<\/p>\n\n<h2 class=\"wp-block-heading\">Athugasemdir<\/h2>\n\n<p>\u00deegar gestir skilja eftir athugasemdir \u00e1 s\u00ed\u00f0unni s\u00f6fnum vi\u00f0 \u00feeim g\u00f6gnum sem s\u00fdnd eru \u00ed athugasemdaforminu, \u00e1samt IP-t\u00f6lu gestsins og notandauppl\u00fdsingum vafrans til a\u00f0 hj\u00e1lpa vi\u00f0 ruslp\u00f3stsvarnir.<\/p>\n\n<p>Dulk\u00f3\u00f0a\u00f0ur strengur b\u00fainn til \u00far netfanginu \u00fe\u00ednu (einnig kalla\u00f0ur t\u00e6tigildi) kann a\u00f0 vera sendur til Gravatar \u00fej\u00f3nustunnar til a\u00f0 athuga hvort \u00fe\u00fa notir hana. Pers\u00f3nuverndarstefnu Gravatar \u00fej\u00f3nustunnar m\u00e1 finna h\u00e9r: https:\/\/automattic.com\/privacy\/. Eftir sam\u00feykki athugasemdarinnar ver\u00f0ur pr\u00f3f\u00edlmyndin \u00fe\u00edn s\u00fdnileg almenningi \u00ed tengslum vi\u00f0 athugasemd \u00fe\u00edna. <\/p>\n\n<h2 class=\"wp-block-heading\">Margmi\u00f0lunarefni<\/h2>\n\n<p>Ef \u00fe\u00fa hle\u00f0ur upp myndum \u00e1 vefs\u00ed\u00f0una \u00e6ttir\u00f0u a\u00f0 for\u00f0ast a\u00f0 hla\u00f0a upp myndum me\u00f0 innbygg\u00f0um sta\u00f0setningarg\u00f6gnum (EXIF GPS). Gestir vefs\u00ed\u00f0unnar geta hla\u00f0i\u00f0 ni\u00f0ur og unni\u00f0 sta\u00f0setningarg\u00f6gn \u00far myndum \u00e1 vefs\u00ed\u00f0unni. <\/p>\n\n<h2 class=\"wp-block-heading\">Vafrak\u00f6kur<\/h2>\n\n<p><strong class=\"privacy-policy-tutorial\">Tillaga a\u00f0 texta: <\/strong>Ef \u00fe\u00fa skilur eftir athugasemd \u00e1 s\u00ed\u00f0unni okkar getur \u00fe\u00fa vali\u00f0 a\u00f0 vista nafni\u00f0 \u00feitt, netfang og vefs\u00ed\u00f0u \u00ed vafrak\u00f6kum. \u00deetta er \u00fe\u00e9r til \u00fe\u00e6ginda svo \u00fe\u00fa \u00feurfir ekki a\u00f0 fylla \u00fat uppl\u00fdsingarnar aftur \u00feegar \u00fe\u00fa skilur eftir a\u00f0ra athugasemd. \u00deessar vafrak\u00f6kur vara \u00ed eitt \u00e1r.  <\/p>\n\n<p>Ef \u00fe\u00fa heims\u00e6kir innskr\u00e1ningars\u00ed\u00f0una okkar munum vi\u00f0 setja t\u00edmabundna vafrak\u00f6ku til a\u00f0 \u00e1kvar\u00f0a hvort vafrinn \u00feinn sam\u00feykkir vafrak\u00f6kur. \u00deessi vafrakaka inniheldur engar pers\u00f3nuuppl\u00fdsingar og er eytt \u00feegar \u00fe\u00fa lokar vafranum. <\/p>\n\n<p>\u00deegar \u00fe\u00fa skr\u00e1ir \u00feig inn munum vi\u00f0 einnig setja upp nokkrar vafrak\u00f6kur til a\u00f0 vista innskr\u00e1ningaruppl\u00fdsingarnar \u00fe\u00ednar og skj\u00e1valskosti. Innskr\u00e1ningarvafrak\u00f6kur vara \u00ed tvo daga og skj\u00e1valkostak\u00f6kur vara \u00ed eitt \u00e1r. Ef \u00fe\u00fa velur &#8220;Muna eftir m\u00e9r&#8221; mun innskr\u00e1ningin \u00fe\u00edn vara \u00ed tv\u00e6r vikur. Ef \u00fe\u00fa skr\u00e1ir \u00feig \u00fat af reikningnum \u00fe\u00ednum ver\u00f0ur innskr\u00e1ningarvafrak\u00f6kum eytt.   <\/p>\n\n<p>Ef \u00fe\u00fa breytir e\u00f0a birtir grein ver\u00f0ur vi\u00f0b\u00f3tarvafrak\u00f6ku vista\u00f0 \u00ed vafranum \u00fe\u00ednum. \u00deessi vafrakaka inniheldur engar pers\u00f3nuuppl\u00fdsingar og s\u00fdnir einungis au\u00f0kenni greinarinnar sem \u00fe\u00fa varst a\u00f0 breyta. H\u00fan rennur \u00fat eftir 1 dag.  <\/p>\n\n<h2 class=\"wp-block-heading\">Innfellt efni fr\u00e1 \u00f6\u00f0rum vefs\u00ed\u00f0um<\/h2>\n\n<p>Greinar \u00e1 \u00feessari s\u00ed\u00f0u geta innihaldi\u00f0 innfellt efni (t.d. myndb\u00f6nd, myndir, greinar o.s.frv.). Innfellt efni fr\u00e1 \u00f6\u00f0rum vefs\u00ed\u00f0um heg\u00f0ar s\u00e9r n\u00e1kv\u00e6mlega eins og ef gesturinn hef\u00f0i heims\u00f3tt hina vefs\u00ed\u00f0una. <\/p>\n\n<p>\u00deessar vefs\u00ed\u00f0ur g\u00e6tu safna\u00f0 g\u00f6gnum um \u00feig, nota\u00f0 vafrak\u00f6kur, innfellt vi\u00f0b\u00f3tareftirlit \u00feri\u00f0ja a\u00f0ila og fylgst me\u00f0 samskiptum \u00fe\u00ednum vi\u00f0 \u00fea\u00f0 innfellda efni, \u00fear me\u00f0 tali\u00f0 a\u00f0 fylgjast me\u00f0 samskiptum \u00fe\u00ednum vi\u00f0 innfellda efni\u00f0 ef \u00fe\u00fa ert me\u00f0 reikning og ert innskr\u00e1\u00f0(ur) \u00e1 \u00feeirri vefs\u00ed\u00f0u.<\/p>\n\n<h2 class=\"wp-block-heading\">Me\u00f0 hverjum vi\u00f0 deilum g\u00f6gnunum \u00fe\u00ednum<\/h2>\n\n<p>Ef \u00fe\u00fa bi\u00f0ur um endurstillingu lykilor\u00f0s ver\u00f0ur IP-talan \u00fe\u00edn innifalin \u00ed endurstillingarp\u00f3stinum.<\/p>\n\n<h2 class=\"wp-block-heading\">Hversu lengi vi\u00f0 geymum g\u00f6gnin \u00fe\u00edn<\/h2>\n\n<p>Ef \u00fe\u00fa skilur eftir athugasemd eru athugasemdin og l\u00fdsig\u00f6gn hennar geymd \u00f3t\u00edmabundi\u00f0. \u00deetta er gert svo vi\u00f0 getum \u00feekkt og sam\u00feykkt allar eftirfylgniathugasemdir sj\u00e1lfkrafa \u00ed sta\u00f0 \u00feess a\u00f0 halda \u00feeim \u00ed ritsko\u00f0unarbi\u00f0r\u00f6\u00f0. <\/p>\n\n<p>Fyrir notendur sem skr\u00e1 sig \u00e1 vefs\u00ed\u00f0una okkar (ef einhverjir), geymum vi\u00f0 einnig \u00fe\u00e6r pers\u00f3nuuppl\u00fdsingar sem \u00feeir veita \u00ed notendapr\u00f3f\u00edl s\u00ednum. Allir notendur geta s\u00e9\u00f0, breytt e\u00f0a eytt pers\u00f3nuuppl\u00fdsingum s\u00ednum hven\u00e6r sem er (nema \u00feeir geta ekki breytt notandanafni s\u00ednu). Stj\u00f3rnendur vefs\u00ed\u00f0unnar geta einnig s\u00e9\u00f0 og breytt \u00feessum uppl\u00fdsingum.  <\/p>\n\n<h2 class=\"wp-block-heading\">Hva\u00f0a r\u00e9ttindi \u00fe\u00fa hefur yfir g\u00f6gnunum \u00fe\u00ednum<\/h2>\n\n<p>Ef \u00fe\u00fa ert me\u00f0 reikning \u00e1 \u00feessari s\u00ed\u00f0u, e\u00f0a hefur skili\u00f0 eftir athugasemdir, getur \u00fe\u00fa be\u00f0i\u00f0 um a\u00f0 f\u00e1 \u00fatflutta skr\u00e1 me\u00f0 pers\u00f3nuuppl\u00fdsingum sem vi\u00f0 geymum um \u00feig, \u00fear me\u00f0 tali\u00f0 \u00f6ll g\u00f6gn sem \u00fe\u00fa hefur gefi\u00f0 okkur. \u00de\u00fa getur einnig fari\u00f0 fram \u00e1 a\u00f0 vi\u00f0 ey\u00f0um \u00f6llum pers\u00f3nuuppl\u00fdsingum sem vi\u00f0 geymum um \u00feig. \u00deetta n\u00e6r ekki til gagna sem vi\u00f0 erum skyldug til a\u00f0 geyma vegna stj\u00f3rns\u00fdslu-, laga- e\u00f0a \u00f6ryggis\u00e1st\u00e6\u00f0na.  <\/p>\n\n<h2 class=\"wp-block-heading\">Hvert g\u00f6gnin \u00fe\u00edn eru send<\/h2>\n\n<p>Athugasemdir gesta kunna a\u00f0 vera yfirfarnar me\u00f0 sj\u00e1lfvirkri ruslp\u00f3stsvarn\u00fej\u00f3nustu.<\/p>\n","protected":false},"excerpt":{"rendered":"<p>Hverjir vi\u00f0 erum Veffang okkar er: https:\/\/ledfu.no. Athugasemdir \u00deegar gestir skilja eftir athugasemdir \u00e1 s\u00ed\u00f0unni s\u00f6fnum vi\u00f0 \u00feeim g\u00f6gnum sem s\u00fdnd eru \u00ed athugasemdaforminu, \u00e1samt IP-t\u00f6lu gestsins og notandauppl\u00fdsingum vafrans til a\u00f0 hj\u00e1lpa vi\u00f0 ruslp\u00f3stsvarnir. Dulk\u00f3\u00f0a\u00f0ur strengur b\u00fainn til \u00far netfanginu \u00fe\u00ednu (einnig kalla\u00f0ur t\u00e6tigildi) kann a\u00f0 vera sendur til Gravatar \u00fej\u00f3nustunnar til a\u00f0 athuga [&hellip;]<\/p>\n","protected":false},"author":1,"featured_media":0,"parent":0,"menu_order":0,"comment_status":"closed","ping_status":"open","template":"","meta":{"footnotes":""},"class_list":["post-157","page","type-page","status-publish","hentry","post"],"_links":{"self":[{"href":"https:\/\/ledfu.no\/is\/wp-json\/wp\/v2\/pages\/157","targetHints":{"allow":["GET"]}}],"collection":[{"href":"https:\/\/ledfu.no\/is\/wp-json\/wp\/v2\/pages"}],"about":[{"href":"https:\/\/ledfu.no\/is\/wp-json\/wp\/v2\/types\/page"}],"author":[{"embeddable":true,"href":"https:\/\/ledfu.no\/is\/wp-json\/wp\/v2\/users\/1"}],"replies":[{"embeddable":true,"href":"https:\/\/ledfu.no\/is\/wp-json\/wp\/v2\/comments?post=157"}],"version-history":[{"count":2,"href":"https:\/\/ledfu.no\/is\/wp-json\/wp\/v2\/pages\/157\/revisions"}],"predecessor-version":[{"id":279,"href":"https:\/\/ledfu.no\/is\/wp-json\/wp\/v2\/pages\/157\/revisions\/279"}],"wp:attachment":[{"href":"https:\/\/ledfu.no\/is\/wp-json\/wp\/v2\/media?parent=157"}],"curies":[{"name":"wp","href":"https:\/\/api.w.org\/{rel}","templated":true}]}}